{"id":133,"date":"2020-01-01T19:14:21","date_gmt":"2020-01-01T19:14:21","guid":{"rendered":"http:\/\/tante-tilly.com\/?page_id=133"},"modified":"2020-01-01T19:14:21","modified_gmt":"2020-01-01T19:14:21","slug":"nachhaltigkeit","status":"publish","type":"page","link":"http:\/\/tante-tilly.com\/?page_id=133","title":{"rendered":"Nachhaltigkeit"},"content":{"rendered":"\n<p>Zwei Greta-begeisterte Jungs im Haushalt zu haben f\u00fchrt schon dazu, dass man sich mehr Gedanken macht&#8230; so haben bei uns schon Bienenwachst\u00fccher Einzug gehalten (sch\u00f6ne plastikfreie Tragetaschen haben wir schon ewig&#8230;) und es soll immer noch ein bisschen besser werden. <\/p>\n\n\n\n<figure class=\"wp-block-image size-large is-resized is-style-default\"><img decoding=\"async\" loading=\"lazy\" src=\"http:\/\/tante-tilly.com\/wp-content\/uploads\/2020\/01\/nachhaltige-abschminkpads-768x1024.jpg\" alt=\"\" class=\"wp-image-134\" width=\"606\" height=\"808\" srcset=\"http:\/\/tante-tilly.com\/wp-content\/uploads\/2020\/01\/nachhaltige-abschminkpads-768x1024.jpg 768w, http:\/\/tante-tilly.com\/wp-content\/uploads\/2020\/01\/nachhaltige-abschminkpads-225x300.jpg 225w, http:\/\/tante-tilly.com\/wp-content\/uploads\/2020\/01\/nachhaltige-abschminkpads-1152x1536.jpg 1152w, http:\/\/tante-tilly.com\/wp-content\/uploads\/2020\/01\/nachhaltige-abschminkpads-1536x2048.jpg 1536w, http:\/\/tante-tilly.com\/wp-content\/uploads\/2020\/01\/nachhaltige-abschminkpads-scaled.jpg 1920w\" sizes=\"(max-width: 606px) 100vw, 606px\" \/><figcaption>Heute habe ich endlich ein lange geplantes Mini-Projekt verwirklicht und nachhaltige Abschminkpads gen\u00e4ht. Ging eigentlich ganz schnell&#8230; manchmal wundere ich mich, warum die Anlaufphase dann so lange dauert \ud83d\ude09 <\/figcaption><\/figure>\n","protected":false},"excerpt":{"rendered":"<p>Zwei Greta-begeisterte Jungs im Haushalt zu haben f\u00fchrt schon dazu, dass man sich mehr Gedanken macht&#8230; so haben bei uns schon Bienenwachst\u00fccher Einzug gehalten (sch\u00f6ne plastikfreie Tragetaschen haben wir schon ewig&#8230;) und es soll immer noch ein bisschen besser werden.<\/p>\n","protected":false},"author":1,"featured_media":0,"parent":0,"menu_order":0,"comment_status":"closed","ping_status":"closed","template":"","meta":[],"_links":{"self":[{"href":"http:\/\/tante-tilly.com\/index.php?rest_route=\/wp\/v2\/pages\/133"}],"collection":[{"href":"http:\/\/tante-tilly.com\/index.php?rest_route=\/wp\/v2\/pages"}],"about":[{"href":"http:\/\/tante-tilly.com\/index.php?rest_route=\/wp\/v2\/types\/page"}],"author":[{"embeddable":true,"href":"http:\/\/tante-tilly.com\/index.php?rest_route=\/wp\/v2\/users\/1"}],"replies":[{"embeddable":true,"href":"http:\/\/tante-tilly.com\/index.php?rest_route=%2Fwp%2Fv2%2Fcomments&post=133"}],"version-history":[{"count":3,"href":"http:\/\/tante-tilly.com\/index.php?rest_route=\/wp\/v2\/pages\/133\/revisions"}],"predecessor-version":[{"id":137,"href":"http:\/\/tante-tilly.com\/index.php?rest_route=\/wp\/v2\/pages\/133\/revisions\/137"}],"wp:attachment":[{"href":"http:\/\/tante-tilly.com\/index.php?rest_route=%2Fwp%2Fv2%2Fmedia&parent=133"}],"curies":[{"name":"wp","href":"https:\/\/api.w.org\/{rel}","templated":true}]}}